{"id":6823,"date":"2023-02-08T16:54:23","date_gmt":"2023-02-08T16:54:23","guid":{"rendered":"https:\/\/thepassage.es\/haftungsausschluss\/"},"modified":"2025-02-20T08:12:56","modified_gmt":"2025-02-20T08:12:56","slug":"haftungsausschluss","status":"publish","type":"page","link":"https:\/\/thepassage.es\/de\/haftungsausschluss\/","title":{"rendered":"Haftungsausschluss"},"content":{"rendered":"\t\t<div data-elementor-type=\"wp-page\" data-elementor-id=\"6823\" class=\"elementor elementor-6823 elementor-566\" data-elementor-post-type=\"page\">\n\t\t\t\t\t\t\t\t\t<section class=\"elementor-section elementor-top-section elementor-element elementor-element-137e4b4 elementor-section-full_width cabecera elementor-section-content-bottom elementor-section-stretched elementor-section-height-default elementor-section-height-default\" data-id=\"137e4b4\" data-element_type=\"section\" data-settings=\"{&quot;background_background&quot;:&quot;classic&quot;,&quot;stretch_section&quot;:&quot;section-stretched&quot;}\">\n\t\t\t\t\t\t\t<div class=\"elementor-background-overlay\"><\/div>\n\t\t\t\t\t\t\t<div class=\"elementor-container elementor-column-gap-default\">\n\t\t\t\t\t<div class=\"elementor-column elementor-col-100 elementor-top-column elementor-element elementor-element-d3993be\" data-id=\"d3993be\" data-element_type=\"column\">\n\t\t\t<div class=\"elementor-widget-wrap elementor-element-populated\">\n\t\t\t\t\t\t\t\t<div class=\"elementor-element elementor-element-459cd30 elementor-widget elementor-widget-heading\" data-id=\"459cd30\" data-element_type=\"widget\" data-widget_type=\"heading.default\">\n\t\t\t\t<div class=\"elementor-widget-container\">\n\t\t\t<style>\/*! elementor - v3.17.0 - 08-11-2023 *\/\n.elementor-heading-title{padding:0;margin:0;line-height:1}.elementor-widget-heading .elementor-heading-title[class*=elementor-size-]>a{color:inherit;font-size:inherit;line-height:inherit}.elementor-widget-heading .elementor-heading-title.elementor-size-small{font-size:15px}.elementor-widget-heading .elementor-heading-title.elementor-size-medium{font-size:19px}.elementor-widget-heading .elementor-heading-title.elementor-size-large{font-size:29px}.elementor-widget-heading .elementor-heading-title.elementor-size-xl{font-size:39px}.elementor-widget-heading .elementor-heading-title.elementor-size-xxl{font-size:59px}<\/style><h1 class=\"elementor-heading-title elementor-size-default\">Haftungsausschluss<\/h1>\t\t<\/div>\n\t\t\t\t<\/div>\n\t\t\t\t\t<\/div>\n\t\t<\/div>\n\t\t\t\t\t\t\t<\/div>\n\t\t<\/section>\n\t\t\t\t<section class=\"elementor-section elementor-top-section elementor-element elementor-element-8e06cb9 elementor-section-stretched elementor-section-full_width elementor-section-height-default elementor-section-height-default\" data-id=\"8e06cb9\" data-element_type=\"section\" data-settings=\"{&quot;stretch_section&quot;:&quot;section-stretched&quot;}\">\n\t\t\t\t\t\t<div class=\"elementor-container elementor-column-gap-default\">\n\t\t\t\t\t<div class=\"elementor-column elementor-col-100 elementor-top-column elementor-element elementor-element-789a8632\" data-id=\"789a8632\" data-element_type=\"column\">\n\t\t\t<div class=\"elementor-widget-wrap elementor-element-populated\">\n\t\t\t\t\t\t\t\t<section class=\"elementor-section elementor-inner-section elementor-element elementor-element-bc312e3 elementor-section-boxed elementor-section-height-default elementor-section-height-default\" data-id=\"bc312e3\" data-element_type=\"section\">\n\t\t\t\t\t\t<div class=\"elementor-container elementor-column-gap-default\">\n\t\t\t\t\t<div class=\"elementor-column elementor-col-100 elementor-inner-column elementor-element elementor-element-1ea46bf\" data-id=\"1ea46bf\" data-element_type=\"column\">\n\t\t\t<div class=\"elementor-widget-wrap elementor-element-populated\">\n\t\t\t\t\t\t\t\t<div class=\"elementor-element elementor-element-8ba72a7 elementor-widget elementor-widget-heading\" data-id=\"8ba72a7\" data-element_type=\"widget\" data-widget_type=\"heading.default\">\n\t\t\t\t<div class=\"elementor-widget-container\">\n\t\t\t<h2 class=\"elementor-heading-title elementor-size-default\">Haftungsausschluss<\/h2>\t\t<\/div>\n\t\t\t\t<\/div>\n\t\t\t\t<div class=\"elementor-element elementor-element-42b437ab elementor-widget elementor-widget-text-editor\" data-id=\"42b437ab\" data-element_type=\"widget\" data-widget_type=\"text-editor.default\">\n\t\t\t\t<div class=\"elementor-widget-container\">\n\t\t\t<style>\/*! elementor - v3.17.0 - 08-11-2023 *\/\n.elementor-widget-text-editor.elementor-drop-cap-view-stacked .elementor-drop-cap{background-color:#69727d;color:#fff}.elementor-widget-text-editor.elementor-drop-cap-view-framed .elementor-drop-cap{color:#69727d;border:3px solid;background-color:transparent}.elementor-widget-text-editor:not(.elementor-drop-cap-view-default) .elementor-drop-cap{margin-top:8px}.elementor-widget-text-editor:not(.elementor-drop-cap-view-default) .elementor-drop-cap-letter{width:1em;height:1em}.elementor-widget-text-editor .elementor-drop-cap{float:left;text-align:center;line-height:1;font-size:50px}.elementor-widget-text-editor .elementor-drop-cap-letter{display:inline-block}<\/style>\t\t\t\t<p><\/p>\n<p>Die Nutzung der Website von THE PASSAGE\u00ae unterliegt den nachfolgend dargelegten Bestimmungen. Bitte lesen Sie sich diese sorgf\u00e4ltig durch.<\/p>\n<p><\/p>\n<p><u>Inhaber dieser Website<\/u><\/p>\n<p><\/p>\n<p>Inhaber dieser Website ist die spanische Handelsgesellschaft <strong>LORD REAL ESTATE BV SUCURSAL EN ESPA\u00d1A<\/strong> (nachfolgend LORD\u00ae) mit der Anschrift Padre\u00a0Xifr\u00e9 n\u00b0\u00a05 (Entreplanta) in Madrid, eingetragen im Handelsregister Madrid, Tomo\u00a035.162, Secci\u00f3n\u00a08\u00aa, Folio\u00a019, Hoja n\u00b0\u00a0M-632281 und mit C.I.F.\u00a0W-0039666-C (nachfolgend LORD\u00ae).<\/p>\n<p><\/p>\n<p>Die in der Unterkunft \u201eThe\u00a0Passage\u201c stattfindende T\u00e4tigkeit wurde im Register f\u00fcr Unternehmen und touristische Aktivit\u00e4ten des Baskenlands (Registro de Empresas y Actividades Tur\u00edsticas de Euskadi, REATE) mit folgender Identifikationsnummer eingetragen: TSS00125.<\/p>\n<p><\/p>\n<p><u>Kontaktdaten<\/u><\/p>\n<p><\/p>\n<p>Telefon: +34\u00a0697\u00a0414\u00a0552<\/p>\n<p><\/p>\n<p>E-Mail-Adresse: <a href=\"mailto:info@thepassage.es\">info@thepassage.es<\/a><\/p>\n<p><\/p>\n<p>Sie k\u00f6nnen uns \u00fcber einen der angegebenen Wege kontaktieren.<\/p>\n<p><\/p>\n<p>Nutzungsbedingungen dieser Website<\/p>\n<p><\/p>\n<p>Der Zugang zu unserer Website ist kostenfrei und freiwillig und gew\u00e4hrt Ihnen den Status eines Nutzers.&nbsp;<\/p>\n<p><\/p>\n<p>Als solcher sind Sie zur Einhaltung der nachfolgend aufgef\u00fchrten Bedingungen verpflichtet.&nbsp;<\/p>\n<p><\/p>\n<p>Mit dem blo\u00dfen Zugriff auf unsere Website und deren Nutzung best\u00e4tigen Sie, dass Sie alle Nutzungsbedingungen gelesen, verstanden und zur Kenntnis genommen haben und uneingeschr\u00e4nkt akzeptieren.<\/p>\n<p><\/p>\n<p><u>Verantwortungsvolles Surfen<\/u><\/p>\n<p><\/p>\n<p>Als Nutzer verpflichten Sie sich, die Informationen und sonstigen Inhalte, Produkte und Services, die wir Ihnen \u00fcber unsere Website anbieten, angemessen zu nutzen. Ihr Verhalten muss den Gesetzen, den guten Sitten und den Erfordernissen des guten Glaubens entsprechen und Sie m\u00fcssen jederzeit mit der erforderlichen Sorgfalt handeln.<\/p>\n<p><\/p>\n<p>Wenn Sie die Informationen, Inhalte, angebotenen Services oder Produkte rechtswidrig, in einer von LORD\u00ae nicht genehmigten Weise, fahrl\u00e4ssig oder verantwortungslos nutzen, haften Sie allein f\u00fcr alle Sch\u00e4den und Nachteile, die Ihnen oder einem Dritten aufgrund dessen entstehen. Wenn Sie unter 18\u00a0Jahre alt sind, haften au\u00dferdem Ihre Eltern oder Erziehungsberechtigten.<\/p>\n<p><\/p>\n<p><u>Gewerbliches und geistiges Eigentum<\/u><\/p>\n<p><\/p>\n<p>The\u00a0Passage\u00ae und LORD\u00ae sind neben anderen unverkennbaren Zeichen von LORD\u00ae eingetragene Marken und Handelsnamen und durch gewerbliche Schutzrechte gesch\u00fctzt. Sofern nicht anders angegeben, sind alle weiteren unverwechselbaren Zeichen auf dieser Website ebenfalls von LORD\u00ae oder ihren jeweiligen Inhabern eingetragen, die den Nutzern dieser Website keinerlei Lizenz gew\u00e4hren. Die Verwendung eines unverkennbaren Zeichens von LORD\u00ae, das keinen Teil der Nutzung dieser Website darstellt oder in der Philosophie\u00a02.0 aufgef\u00fchrt ist, ist verboten.<\/p>\n<p><\/p>\n<p>Sofern nicht anders angegeben, sind die Texte, Abbildungen, Fotografien, Videos und sonstigen grafischen, akustischen und audiovisuellen Inhalte dieser Website (nachfolgend \u201edie Inhalte\u201c) Eigentum von LORD\u00ae. LORD\u00ae gew\u00e4hrt den Nutzern zur \u201eNutzung 2.0\u201c das Recht auf Vervielf\u00e4ltigung, Verbreitung und \u00f6ffentliche Wiedergabe aller Inhalte dieser Website, sofern der Ursprung der Inhalte unter Angabe der URL genannt und verlinkt wird. LORD\u00ae gew\u00e4hrt den Nutzern kein weiteres Recht auf Vervielf\u00e4ltigung, Verbreitung, \u00f6ffentliche Wiedergabe oder Umgestaltung der Website, ihres Designs und ihrer Inhalte. Jede nicht zweckm\u00e4\u00dfige Nutzung der Website oder ihrer Inhalte ist verboten. Die Vervielf\u00e4ltigung, Verbreitung, \u00f6ffentliche Wiedergabe und Umgestaltung der auf der vorliegenden Website verwendeten Programmierungselemente ist ohne die entsprechende Lizenz verboten. Die Nutzung dieser Website impliziert deshalb nicht die \u00dcbertragung der zuvor aufgef\u00fchrten Rechte. Jegliche Verletzung der gewerblichen oder geistigen Eigentumsrechte von LORD\u00ae oder seiner Partner oder Mitarbeiter wird mit allen verf\u00fcgbaren rechtlichen Mitteln vor dem zust\u00e4ndigen Gericht verfolgt.&nbsp;<\/p>\n<p><\/p>\n<p><u>Inhalte, zul\u00e4ssige Nutzung und Verantwortlichkeiten&nbsp;<\/u><\/p>\n<p><\/p>\n<p>Diese Website enth\u00e4lt Inhalte, die rein informativen Zwecken dienen und in keiner Weise eine Beratung, Schulung oder Empfehlung irgendeiner Art darstellen. Aus diesem Grund haftet LORD\u00ae nicht f\u00fcr daraus resultierende Handlungen. Wenngleich LORD\u00ae alle erforderlichen Schritte unternehmen wird, um Fehler und Irrt\u00fcmer in den Inhalten und Materialen dieser Website zu beheben, um diese stets aktuell und genau zu halten, kann nicht garantiert werden, dass die Inhalte und Materialien der Website frei von Fehlern, Irrt\u00fcmern oder Auslassungen sind. Sollten diese vorkommen, ist dies f\u00fcr LORD\u00ae zu keinem Zeitpunkt nachteilig. Sollen Sie w\u00e4hrend des Besuchs der Website von LORD\u00ae einen Fehler oder Irrtum feststellen, teilen Sie uns dies bitte per E-Mail an <a href=\"mailto:info@thepassage.es\">info@thepassage.es<\/a> mit.<\/p>\n<p><\/p>\n<p>Wenngleich LORD\u00ae alle erforderlichen Schritte unternehmen wird, um die Kommunikation bei Zugangsproblemen zur Website wiederherzustellen und die Verf\u00fcgbarkeit und dauerhafte Funktionsf\u00e4higkeit der Website sicherzustellen, kann LORD\u00ae weder den Zugang zur Website noch die Verf\u00fcgbarkeit und dauerhafte Funktionsf\u00e4higkeit der Website garantieren. Sollte diese nicht verf\u00fcgbar sein, ist dies f\u00fcr LORD\u00ae zu keinem Zeitpunkt nachteilig.<\/p>\n<p><\/p>\n<p>LORD\u00ae haftet nicht f\u00fcr Sch\u00e4den, die auf den elektronischen Ger\u00e4ten der Nutzer, ihren Computerprogrammen, den Dateien oder den darin gespeicherten Daten aufgrund von Viren, Spyware, Malware, Programmier- oder Sicherheitsfehlern dieser Website entstehen k\u00f6nnen. LORD\u00ae haftet f\u00fcr derartige Sch\u00e4den auch dann nicht, wenn diese aufgrund von fehlerhaften Einstellungen oder nicht aktualisierten Ger\u00e4ten, Programmen oder Browsern der Nutzer oder aufgrund von Nutzungsfehlern eines dieser Elemente entstehen.<\/p>\n<p><\/p>\n<p>Zugriffe auf die Website, die gegen die geltenden Rechtsvorschriften oder unsere Bedingungen versto\u00dfen, sowie die nicht von LORD\u00ae vorgesehene Nutzung der zur Verf\u00fcgung gestellten Informationen, Inhalte und Materialien unterliegen der alleinigen Verantwortung der entsprechenden Nutzer. LORD\u00ae ist nicht verantwortlich oder haftbar f\u00fcr Sch\u00e4den oder Beeintr\u00e4chtigungen, die sich aus einem entsprechenden Zugriff oder einer solchen Nutzung ergeben.<\/p>\n<p><\/p>\n<p>Im Rahmen der vom Gesetz\u00a034\/2002 erlaubten Grenzen \u00fcbernimmt LORD\u00ae keine Verantwortung f\u00fcr:<\/p>\n<p><\/p>\n<ol>\n<li style=\"list-style-type: none;\">\n<ol><\/ol>\n<\/li>\n<\/ol>\n<ol>\n<li style=\"list-style-type: none;\">\n<ol>\n<li>Die Rechtm\u00e4\u00dfigkeit der Inhalte von Websites, bei denen es sich um das Eigentum von Dritten handelt und auf die von dieser Website verwiesen wird, einschlie\u00dflich eingebetteter Inhalte.<\/li>\n<li>Die Inhalte von Websites, die per Link zu dieser Website f\u00fchren, auf sie verweisen oder Meinungen \u00fcber sie enthalten, die die Nutzer der genannten Websites hinsichtlich der Services von LORD\u00ae in die Irre f\u00fchren k\u00f6nnten.<\/li>\n<li>Die Meinungen auf Websites und Blogs sowie in den sozialen Medien oder in anderen Meinungsforen, die nicht zur Organisation geh\u00f6ren und hinsichtlich der Inhalte, Materialien und Services der Website oder der Seiten von Dritten eine Diskreditierung oder direkte oder indirekte Verunglimpfung von Dritten enthalten k\u00f6nnten.&nbsp;<\/li>\n<\/ol>\n<\/li>\n<\/ol>\n<p><u>Schutz von personenbezogenen Daten<\/u><\/p>\n<p><\/p>\n<p>Alle von LORD\u00ae \u00fcber diese Website gesammelten personenbezogenen Daten werden in Datenbanken gespeichert. Die spezifischen Daten, die gesammelt werden, die Empf\u00e4nger der Daten, die jeweilige Verarbeitung, die Verarbeitungsdauer und die Verarbeitungszwecke werden in den einzelnen Datenerfassungsformularen genau ausgef\u00fchrt.&nbsp;<\/p>\n<p><\/p>\n<p>LORD\u00ae gibt keine personenbezogenen Daten an Dritte weiter, au\u00dfer dies ist in den geltenden Rechtsvorschriften vorgesehen oder von den betroffenen Personen autorisiert.<\/p>\n<p><\/p>\n<p>Wir bitten Sie, unsere Datenschutzrichtlinie aufmerksam zu lesen. Klicken Sie dazu auf den folgenden Link: Datenschutzrichtlinie und Cookie-Richtlinie.<\/p>\n<p><\/p>\n<p><u>G\u00fcltigkeit und \u00c4nderung der Nutzungsbedingungen der Website<\/u><\/p>\n<p><\/p>\n<p>Die vorliegenden Bedingungen sind ab dem 1.\u00a0Juli\u00a02022 g\u00fcltig. LORD\u00ae beh\u00e4lt sich im Falle einer \u00c4nderung der geltenden Rechtsvorschriften, der Rechtsprechung oder der internen Gegebenheiten das Recht vor, die Nutzungsbedingungen seiner Website einseitig zu \u00e4ndern. Jede \u00c4nderung dieser Bedingungen wird unter dieser URL ver\u00f6ffentlicht.<\/p>\n<p><\/p>\n<p><u>Rechtskontakt<\/u><\/p>\n<p><\/p>\n<p>Sollten Sie Fragen zum Inhalt oder Geltungsbereich der vorliegenden Nutzungsbedingungen unserer Website haben, kontaktieren Sie bitte unsere Rechtsabteilung per E-Mail an info@passage.com.<\/p>\n<p><\/p>\n<p>Dazugeh\u00f6rige Inhalte<\/p>\n<p><\/p>\n<p>Datenschutzrichtlinie<\/p>\n<p><\/p>\n<p>Cookie-Richtlinie.<\/p>\n<p><\/p>\n<p>Allgemeine Gesch\u00e4ftsbedingungen<\/p>\n<p><\/p>\t\t\t\t\t\t<\/div>\n\t\t\t\t<\/div>\n\t\t\t\t\t<\/div>\n\t\t<\/div>\n\t\t\t\t\t\t\t<\/div>\n\t\t<\/section>\n\t\t\t\t\t<\/div>\n\t\t<\/div>\n\t\t\t\t\t\t\t<\/div>\n\t\t<\/section>\n\t\t\t\t\t\t\t<\/div>\n\t\t","protected":false},"excerpt":{"rendered":"<p>Haftungsausschluss Haftungsausschluss Die Nutzung der Website von THE PASSAGE\u00ae unterliegt den nachfolgend dargelegten Bestimmungen. Bitte lesen Sie sich diese sorgf\u00e4ltig durch. Inhaber dieser Website Inhaber dieser Website ist die spanische Handelsgesellschaft LORD REAL ESTATE BV SUCURSAL EN ESPA\u00d1A (nachfolgend LORD\u00ae) mit der Anschrift Padre\u00a0Xifr\u00e9 n\u00b0\u00a05 (Entreplanta) in Madrid, eingetragen im Handelsregister Madrid, Tomo\u00a035.162, Secci\u00f3n\u00a08\u00aa, Folio\u00a019, &hellip;<\/p>\n<p class=\"read-more\"> <a class=\"\" href=\"https:\/\/thepassage.es\/de\/haftungsausschluss\/\"> <span class=\"screen-reader-text\">Haftungsausschluss<\/span> Weiterlesen &raquo;<\/a><\/p>\n","protected":false},"author":1,"featured_media":0,"parent":0,"menu_order":0,"comment_status":"closed","ping_status":"closed","template":"elementor_header_footer","meta":{"site-sidebar-layout":"default","site-content-layout":"","ast-site-content-layout":"","site-content-style":"default","site-sidebar-style":"default","ast-global-header-display":"","ast-banner-title-visibility":"","ast-main-header-display":"","ast-hfb-above-header-display":"","ast-hfb-below-header-display":"","ast-hfb-mobile-header-display":"","site-post-title":"","ast-breadcrumbs-content":"","ast-featured-img":"","footer-sml-layout":"","theme-transparent-header-meta":"","adv-header-id-meta":"","stick-header-meta":"","header-above-stick-meta":"","header-main-stick-meta":"","header-below-stick-meta":"","astra-migrate-meta-layouts":"","ast-page-background-enabled":"default","ast-page-background-meta":{"desktop":{"background-color":"var(--ast-global-color-4)","background-image":"","background-repeat":"repeat","background-position":"center center","background-size":"auto","background-attachment":"scroll","background-type":"","background-media":"","overlay-type":"","overlay-color":"","overlay-gradient":""},"tablet":{"background-color":"","background-image":"","background-repeat":"repeat","background-position":"center center","background-size":"auto","background-attachment":"scroll","background-type":"","background-media":"","overlay-type":"","overlay-color":"","overlay-gradient":""},"mobile":{"background-color":"","background-image":"","background-repeat":"repeat","background-position":"center center","background-size":"auto","background-attachment":"scroll","background-type":"","background-media":"","overlay-type":"","overlay-color":"","overlay-gradient":""}},"ast-content-background-meta":{"desktop":{"background-color":"var(--ast-global-color-5)","background-image":"","background-repeat":"repeat","background-position":"center center","background-size":"auto","background-attachment":"scroll","background-type":"","background-media":"","overlay-type":"","overlay-color":"","overlay-gradient":""},"tablet":{"background-color":"var(--ast-global-color-5)","background-image":"","background-repeat":"repeat","background-position":"center center","background-size":"auto","background-attachment":"scroll","background-type":"","background-media":"","overlay-type":"","overlay-color":"","overlay-gradient":""},"mobile":{"background-color":"var(--ast-global-color-5)","background-image":"","background-repeat":"repeat","background-position":"center center","background-size":"auto","background-attachment":"scroll","background-type":"","background-media":"","overlay-type":"","overlay-color":"","overlay-gradient":""}},"footnotes":""},"class_list":["post-6823","page","type-page","status-publish","hentry"],"yoast_head":"<!-- This site is optimized with the Yoast SEO plugin v21.5 - https:\/\/yoast.com\/wordpress\/plugins\/seo\/ -->\n<title>Apartamentos en el centro de San Sebasti\u00e1n | The Passage<\/title>\n<meta name=\"description\" content=\"Al\u00f3jese en un edificio hist\u00f3rico en el coraz\u00f3n de San Sebasti\u00e1n. The Passage ofrece apartamentos de lujo que mezclan dise\u00f1o y confort. \u00a1Reserve ya!\" \/>\n<meta name=\"robots\" content=\"noindex, nofollow\" \/>\n<meta property=\"og:locale\" content=\"de_DE\" \/>\n<meta property=\"og:type\" content=\"article\" \/>\n<meta property=\"og:title\" content=\"Apartamentos en el centro de San Sebasti\u00e1n | The Passage\" \/>\n<meta property=\"og:description\" content=\"Al\u00f3jese en un edificio hist\u00f3rico en el coraz\u00f3n de San Sebasti\u00e1n. The Passage ofrece apartamentos de lujo que mezclan dise\u00f1o y confort. \u00a1Reserve ya!\" \/>\n<meta property=\"og:url\" content=\"https:\/\/thepassage.es\/de\/haftungsausschluss\/\" \/>\n<meta property=\"og:site_name\" content=\"The Passage San Sebasti\u00e1n\" \/>\n<meta property=\"article:modified_time\" content=\"2025-02-20T08:12:56+00:00\" \/>\n<meta name=\"twitter:card\" content=\"summary_large_image\" \/>\n<meta name=\"twitter:label1\" content=\"Gesch\u00e4tzte Lesezeit\" \/>\n\t<meta name=\"twitter:data1\" content=\"6\u00a0Minuten\" \/>\n<script type=\"application\/ld+json\" class=\"yoast-schema-graph\">{\"@context\":\"https:\/\/schema.org\",\"@graph\":[{\"@type\":\"WebPage\",\"@id\":\"https:\/\/thepassage.es\/de\/haftungsausschluss\/\",\"url\":\"https:\/\/thepassage.es\/de\/haftungsausschluss\/\",\"name\":\"Apartamentos en el centro de San Sebasti\u00e1n | The Passage\",\"isPartOf\":{\"@id\":\"https:\/\/thepassage.es\/de\/#website\"},\"datePublished\":\"2023-02-08T16:54:23+00:00\",\"dateModified\":\"2025-02-20T08:12:56+00:00\",\"description\":\"Al\u00f3jese en un edificio hist\u00f3rico en el coraz\u00f3n de San Sebasti\u00e1n. The Passage ofrece apartamentos de lujo que mezclan dise\u00f1o y confort. \u00a1Reserve ya!\",\"breadcrumb\":{\"@id\":\"https:\/\/thepassage.es\/de\/haftungsausschluss\/#breadcrumb\"},\"inLanguage\":\"de\",\"potentialAction\":[{\"@type\":\"ReadAction\",\"target\":[\"https:\/\/thepassage.es\/de\/haftungsausschluss\/\"]}]},{\"@type\":\"BreadcrumbList\",\"@id\":\"https:\/\/thepassage.es\/de\/haftungsausschluss\/#breadcrumb\",\"itemListElement\":[{\"@type\":\"ListItem\",\"position\":1,\"name\":\"Portada\",\"item\":\"https:\/\/thepassage.es\/de\/\"},{\"@type\":\"ListItem\",\"position\":2,\"name\":\"Haftungsausschluss\"}]},{\"@type\":\"WebSite\",\"@id\":\"https:\/\/thepassage.es\/de\/#website\",\"url\":\"https:\/\/thepassage.es\/de\/\",\"name\":\"The Passage San Sebasti\u00e1n\",\"description\":\"Al\u00f3jese en un edificio hist\u00f3rico en el coraz\u00f3n de San Sebasti\u00e1n. The Passage ofrece apartamentos de lujo que mezclan dise\u00f1o y confort. \u00a1Reserve ya!\",\"publisher\":{\"@id\":\"https:\/\/thepassage.es\/de\/#organization\"},\"potentialAction\":[{\"@type\":\"SearchAction\",\"target\":{\"@type\":\"EntryPoint\",\"urlTemplate\":\"https:\/\/thepassage.es\/de\/?s={search_term_string}\"},\"query-input\":\"required name=search_term_string\"}],\"inLanguage\":\"de\"},{\"@type\":\"Organization\",\"@id\":\"https:\/\/thepassage.es\/de\/#organization\",\"name\":\"The Passage\",\"url\":\"https:\/\/thepassage.es\/de\/\",\"logo\":{\"@type\":\"ImageObject\",\"inLanguage\":\"de\",\"@id\":\"https:\/\/thepassage.es\/de\/#\/schema\/logo\/image\/\",\"url\":\"https:\/\/thepassage.es\/wp-content\/uploads\/2023\/02\/logo-the_passage.png\",\"contentUrl\":\"https:\/\/thepassage.es\/wp-content\/uploads\/2023\/02\/logo-the_passage.png\",\"width\":1134,\"height\":1134,\"caption\":\"The Passage\"},\"image\":{\"@id\":\"https:\/\/thepassage.es\/de\/#\/schema\/logo\/image\/\"}}]}<\/script>\n<!-- \/ Yoast SEO plugin. -->","yoast_head_json":{"title":"Apartamentos en el centro de San Sebasti\u00e1n | The Passage","description":"Al\u00f3jese en un edificio hist\u00f3rico en el coraz\u00f3n de San Sebasti\u00e1n. The Passage ofrece apartamentos de lujo que mezclan dise\u00f1o y confort. \u00a1Reserve ya!","robots":{"index":"noindex","follow":"nofollow"},"og_locale":"de_DE","og_type":"article","og_title":"Apartamentos en el centro de San Sebasti\u00e1n | The Passage","og_description":"Al\u00f3jese en un edificio hist\u00f3rico en el coraz\u00f3n de San Sebasti\u00e1n. The Passage ofrece apartamentos de lujo que mezclan dise\u00f1o y confort. \u00a1Reserve ya!","og_url":"https:\/\/thepassage.es\/de\/haftungsausschluss\/","og_site_name":"The Passage San Sebasti\u00e1n","article_modified_time":"2025-02-20T08:12:56+00:00","twitter_card":"summary_large_image","twitter_misc":{"Gesch\u00e4tzte Lesezeit":"6\u00a0Minuten"},"schema":{"@context":"https:\/\/schema.org","@graph":[{"@type":"WebPage","@id":"https:\/\/thepassage.es\/de\/haftungsausschluss\/","url":"https:\/\/thepassage.es\/de\/haftungsausschluss\/","name":"Apartamentos en el centro de San Sebasti\u00e1n | The Passage","isPartOf":{"@id":"https:\/\/thepassage.es\/de\/#website"},"datePublished":"2023-02-08T16:54:23+00:00","dateModified":"2025-02-20T08:12:56+00:00","description":"Al\u00f3jese en un edificio hist\u00f3rico en el coraz\u00f3n de San Sebasti\u00e1n. The Passage ofrece apartamentos de lujo que mezclan dise\u00f1o y confort. \u00a1Reserve ya!","breadcrumb":{"@id":"https:\/\/thepassage.es\/de\/haftungsausschluss\/#breadcrumb"},"inLanguage":"de","potentialAction":[{"@type":"ReadAction","target":["https:\/\/thepassage.es\/de\/haftungsausschluss\/"]}]},{"@type":"BreadcrumbList","@id":"https:\/\/thepassage.es\/de\/haftungsausschluss\/#breadcrumb","itemListElement":[{"@type":"ListItem","position":1,"name":"Portada","item":"https:\/\/thepassage.es\/de\/"},{"@type":"ListItem","position":2,"name":"Haftungsausschluss"}]},{"@type":"WebSite","@id":"https:\/\/thepassage.es\/de\/#website","url":"https:\/\/thepassage.es\/de\/","name":"The Passage San Sebasti\u00e1n","description":"Al\u00f3jese en un edificio hist\u00f3rico en el coraz\u00f3n de San Sebasti\u00e1n. The Passage ofrece apartamentos de lujo que mezclan dise\u00f1o y confort. \u00a1Reserve ya!","publisher":{"@id":"https:\/\/thepassage.es\/de\/#organization"},"potentialAction":[{"@type":"SearchAction","target":{"@type":"EntryPoint","urlTemplate":"https:\/\/thepassage.es\/de\/?s={search_term_string}"},"query-input":"required name=search_term_string"}],"inLanguage":"de"},{"@type":"Organization","@id":"https:\/\/thepassage.es\/de\/#organization","name":"The Passage","url":"https:\/\/thepassage.es\/de\/","logo":{"@type":"ImageObject","inLanguage":"de","@id":"https:\/\/thepassage.es\/de\/#\/schema\/logo\/image\/","url":"https:\/\/thepassage.es\/wp-content\/uploads\/2023\/02\/logo-the_passage.png","contentUrl":"https:\/\/thepassage.es\/wp-content\/uploads\/2023\/02\/logo-the_passage.png","width":1134,"height":1134,"caption":"The Passage"},"image":{"@id":"https:\/\/thepassage.es\/de\/#\/schema\/logo\/image\/"}}]}},"_links":{"self":[{"href":"https:\/\/thepassage.es\/de\/wp-json\/wp\/v2\/pages\/6823","targetHints":{"allow":["GET"]}}],"collection":[{"href":"https:\/\/thepassage.es\/de\/wp-json\/wp\/v2\/pages"}],"about":[{"href":"https:\/\/thepassage.es\/de\/wp-json\/wp\/v2\/types\/page"}],"author":[{"embeddable":true,"href":"https:\/\/thepassage.es\/de\/wp-json\/wp\/v2\/users\/1"}],"replies":[{"embeddable":true,"href":"https:\/\/thepassage.es\/de\/wp-json\/wp\/v2\/comments?post=6823"}],"version-history":[{"count":1,"href":"https:\/\/thepassage.es\/de\/wp-json\/wp\/v2\/pages\/6823\/revisions"}],"predecessor-version":[{"id":6824,"href":"https:\/\/thepassage.es\/de\/wp-json\/wp\/v2\/pages\/6823\/revisions\/6824"}],"wp:attachment":[{"href":"https:\/\/thepassage.es\/de\/wp-json\/wp\/v2\/media?parent=6823"}],"curies":[{"name":"wp","href":"https:\/\/api.w.org\/{rel}","templated":true}]}}