{"id":8000,"date":"2025-10-03T06:29:32","date_gmt":"2025-10-03T06:29:32","guid":{"rendered":"https:\/\/thepassage.es\/signup\/"},"modified":"2025-10-03T06:29:32","modified_gmt":"2025-10-03T06:29:32","slug":"signup","status":"publish","type":"page","link":"https:\/\/thepassage.es\/de\/signup\/","title":{"rendered":"Signup"},"content":{"rendered":"<div data-mirai-component=\"signup\"><\/div>\n","protected":false},"excerpt":{"rendered":"","protected":false},"author":2,"featured_media":0,"parent":0,"menu_order":0,"comment_status":"closed","ping_status":"closed","template":"","meta":{"site-sidebar-layout":"default","site-content-layout":"","ast-site-content-layout":"","site-content-style":"default","site-sidebar-style":"default","ast-global-header-display":"","ast-banner-title-visibility":"","ast-main-header-display":"","ast-hfb-above-header-display":"","ast-hfb-below-header-display":"","ast-hfb-mobile-header-display":"","site-post-title":"","ast-breadcrumbs-content":"","ast-featured-img":"","footer-sml-layout":"","theme-transparent-header-meta":"","adv-header-id-meta":"","stick-header-meta":"","header-above-stick-meta":"","header-main-stick-meta":"","header-below-stick-meta":"","astra-migrate-meta-layouts":"","ast-page-background-enabled":"default","ast-page-background-meta":{"desktop":{"background-color":"var(--ast-global-color-4)","background-image":"","background-repeat":"repeat","background-position":"center center","background-size":"auto","background-attachment":"scroll","background-type":"","background-media":"","overlay-type":"","overlay-color":"","overlay-gradient":""},"tablet":{"background-color":"","background-image":"","background-repeat":"repeat","background-position":"center center","background-size":"auto","background-attachment":"scroll","background-type":"","background-media":"","overlay-type":"","overlay-color":"","overlay-gradient":""},"mobile":{"background-color":"","background-image":"","background-repeat":"repeat","background-position":"center center","background-size":"auto","background-attachment":"scroll","background-type":"","background-media":"","overlay-type":"","overlay-color":"","overlay-gradient":""}},"ast-content-background-meta":{"desktop":{"background-color":"var(--ast-global-color-5)","background-image":"","background-repeat":"repeat","background-position":"center center","background-size":"auto","background-attachment":"scroll","background-type":"","background-media":"","overlay-type":"","overlay-color":"","overlay-gradient":""},"tablet":{"background-color":"var(--ast-global-color-5)","background-image":"","background-repeat":"repeat","background-position":"center center","background-size":"auto","background-attachment":"scroll","background-type":"","background-media":"","overlay-type":"","overlay-color":"","overlay-gradient":""},"mobile":{"background-color":"var(--ast-global-color-5)","background-image":"","background-repeat":"repeat","background-position":"center center","background-size":"auto","background-attachment":"scroll","background-type":"","background-media":"","overlay-type":"","overlay-color":"","overlay-gradient":""}},"footnotes":""},"class_list":["post-8000","page","type-page","status-publish","hentry"],"yoast_head":"<!-- This site is optimized with the Yoast SEO plugin v21.5 - https:\/\/yoast.com\/wordpress\/plugins\/seo\/ -->\n<title>Apartamentos en el centro de San Sebasti\u00e1n | The Passage<\/title>\n<meta name=\"description\" content=\"Al\u00f3jese en un edificio hist\u00f3rico en el coraz\u00f3n de San Sebasti\u00e1n. The Passage ofrece apartamentos de lujo que mezclan dise\u00f1o y confort. \u00a1Reserve ya!\" \/>\n<meta name=\"robots\" content=\"index, follow, max-snippet:-1, max-image-preview:large, max-video-preview:-1\" \/>\n<link rel=\"canonical\" href=\"https:\/\/thepassage.es\/de\/signup\/\" \/>\n<meta property=\"og:locale\" content=\"de_DE\" \/>\n<meta property=\"og:type\" content=\"article\" \/>\n<meta property=\"og:title\" content=\"Apartamentos en el centro de San Sebasti\u00e1n | The Passage\" \/>\n<meta property=\"og:description\" content=\"Al\u00f3jese en un edificio hist\u00f3rico en el coraz\u00f3n de San Sebasti\u00e1n. The Passage ofrece apartamentos de lujo que mezclan dise\u00f1o y confort. \u00a1Reserve ya!\" \/>\n<meta property=\"og:url\" content=\"https:\/\/thepassage.es\/de\/signup\/\" \/>\n<meta property=\"og:site_name\" content=\"The Passage San Sebasti\u00e1n\" \/>\n<meta name=\"twitter:card\" content=\"summary_large_image\" \/>\n<script type=\"application\/ld+json\" class=\"yoast-schema-graph\">{\"@context\":\"https:\/\/schema.org\",\"@graph\":[{\"@type\":\"WebPage\",\"@id\":\"https:\/\/thepassage.es\/de\/signup\/\",\"url\":\"https:\/\/thepassage.es\/de\/signup\/\",\"name\":\"Apartamentos en el centro de San Sebasti\u00e1n | The Passage\",\"isPartOf\":{\"@id\":\"https:\/\/thepassage.es\/de\/#website\"},\"datePublished\":\"2025-10-03T06:29:32+00:00\",\"dateModified\":\"2025-10-03T06:29:32+00:00\",\"description\":\"Al\u00f3jese en un edificio hist\u00f3rico en el coraz\u00f3n de San Sebasti\u00e1n. The Passage ofrece apartamentos de lujo que mezclan dise\u00f1o y confort. \u00a1Reserve ya!\",\"breadcrumb\":{\"@id\":\"https:\/\/thepassage.es\/de\/signup\/#breadcrumb\"},\"inLanguage\":\"de\",\"potentialAction\":[{\"@type\":\"ReadAction\",\"target\":[\"https:\/\/thepassage.es\/de\/signup\/\"]}]},{\"@type\":\"BreadcrumbList\",\"@id\":\"https:\/\/thepassage.es\/de\/signup\/#breadcrumb\",\"itemListElement\":[{\"@type\":\"ListItem\",\"position\":1,\"name\":\"Portada\",\"item\":\"https:\/\/thepassage.es\/de\/\"},{\"@type\":\"ListItem\",\"position\":2,\"name\":\"Signup\"}]},{\"@type\":\"WebSite\",\"@id\":\"https:\/\/thepassage.es\/de\/#website\",\"url\":\"https:\/\/thepassage.es\/de\/\",\"name\":\"The Passage San Sebasti\u00e1n\",\"description\":\"Al\u00f3jese en un edificio hist\u00f3rico en el coraz\u00f3n de San Sebasti\u00e1n. The Passage ofrece apartamentos de lujo que mezclan dise\u00f1o y confort. \u00a1Reserve ya!\",\"publisher\":{\"@id\":\"https:\/\/thepassage.es\/de\/#organization\"},\"potentialAction\":[{\"@type\":\"SearchAction\",\"target\":{\"@type\":\"EntryPoint\",\"urlTemplate\":\"https:\/\/thepassage.es\/de\/?s={search_term_string}\"},\"query-input\":\"required name=search_term_string\"}],\"inLanguage\":\"de\"},{\"@type\":\"Organization\",\"@id\":\"https:\/\/thepassage.es\/de\/#organization\",\"name\":\"The Passage\",\"url\":\"https:\/\/thepassage.es\/de\/\",\"logo\":{\"@type\":\"ImageObject\",\"inLanguage\":\"de\",\"@id\":\"https:\/\/thepassage.es\/de\/#\/schema\/logo\/image\/\",\"url\":\"https:\/\/thepassage.es\/wp-content\/uploads\/2023\/02\/logo-the_passage.png\",\"contentUrl\":\"https:\/\/thepassage.es\/wp-content\/uploads\/2023\/02\/logo-the_passage.png\",\"width\":1134,\"height\":1134,\"caption\":\"The Passage\"},\"image\":{\"@id\":\"https:\/\/thepassage.es\/de\/#\/schema\/logo\/image\/\"}}]}<\/script>\n<!-- \/ Yoast SEO plugin. -->","yoast_head_json":{"title":"Apartamentos en el centro de San Sebasti\u00e1n | The Passage","description":"Al\u00f3jese en un edificio hist\u00f3rico en el coraz\u00f3n de San Sebasti\u00e1n. The Passage ofrece apartamentos de lujo que mezclan dise\u00f1o y confort. \u00a1Reserve ya!","robots":{"index":"index","follow":"follow","max-snippet":"max-snippet:-1","max-image-preview":"max-image-preview:large","max-video-preview":"max-video-preview:-1"},"canonical":"https:\/\/thepassage.es\/de\/signup\/","og_locale":"de_DE","og_type":"article","og_title":"Apartamentos en el centro de San Sebasti\u00e1n | The Passage","og_description":"Al\u00f3jese en un edificio hist\u00f3rico en el coraz\u00f3n de San Sebasti\u00e1n. The Passage ofrece apartamentos de lujo que mezclan dise\u00f1o y confort. \u00a1Reserve ya!","og_url":"https:\/\/thepassage.es\/de\/signup\/","og_site_name":"The Passage San Sebasti\u00e1n","twitter_card":"summary_large_image","schema":{"@context":"https:\/\/schema.org","@graph":[{"@type":"WebPage","@id":"https:\/\/thepassage.es\/de\/signup\/","url":"https:\/\/thepassage.es\/de\/signup\/","name":"Apartamentos en el centro de San Sebasti\u00e1n | The Passage","isPartOf":{"@id":"https:\/\/thepassage.es\/de\/#website"},"datePublished":"2025-10-03T06:29:32+00:00","dateModified":"2025-10-03T06:29:32+00:00","description":"Al\u00f3jese en un edificio hist\u00f3rico en el coraz\u00f3n de San Sebasti\u00e1n. The Passage ofrece apartamentos de lujo que mezclan dise\u00f1o y confort. \u00a1Reserve ya!","breadcrumb":{"@id":"https:\/\/thepassage.es\/de\/signup\/#breadcrumb"},"inLanguage":"de","potentialAction":[{"@type":"ReadAction","target":["https:\/\/thepassage.es\/de\/signup\/"]}]},{"@type":"BreadcrumbList","@id":"https:\/\/thepassage.es\/de\/signup\/#breadcrumb","itemListElement":[{"@type":"ListItem","position":1,"name":"Portada","item":"https:\/\/thepassage.es\/de\/"},{"@type":"ListItem","position":2,"name":"Signup"}]},{"@type":"WebSite","@id":"https:\/\/thepassage.es\/de\/#website","url":"https:\/\/thepassage.es\/de\/","name":"The Passage San Sebasti\u00e1n","description":"Al\u00f3jese en un edificio hist\u00f3rico en el coraz\u00f3n de San Sebasti\u00e1n. The Passage ofrece apartamentos de lujo que mezclan dise\u00f1o y confort. \u00a1Reserve ya!","publisher":{"@id":"https:\/\/thepassage.es\/de\/#organization"},"potentialAction":[{"@type":"SearchAction","target":{"@type":"EntryPoint","urlTemplate":"https:\/\/thepassage.es\/de\/?s={search_term_string}"},"query-input":"required name=search_term_string"}],"inLanguage":"de"},{"@type":"Organization","@id":"https:\/\/thepassage.es\/de\/#organization","name":"The Passage","url":"https:\/\/thepassage.es\/de\/","logo":{"@type":"ImageObject","inLanguage":"de","@id":"https:\/\/thepassage.es\/de\/#\/schema\/logo\/image\/","url":"https:\/\/thepassage.es\/wp-content\/uploads\/2023\/02\/logo-the_passage.png","contentUrl":"https:\/\/thepassage.es\/wp-content\/uploads\/2023\/02\/logo-the_passage.png","width":1134,"height":1134,"caption":"The Passage"},"image":{"@id":"https:\/\/thepassage.es\/de\/#\/schema\/logo\/image\/"}}]}},"_links":{"self":[{"href":"https:\/\/thepassage.es\/de\/wp-json\/wp\/v2\/pages\/8000","targetHints":{"allow":["GET"]}}],"collection":[{"href":"https:\/\/thepassage.es\/de\/wp-json\/wp\/v2\/pages"}],"about":[{"href":"https:\/\/thepassage.es\/de\/wp-json\/wp\/v2\/types\/page"}],"author":[{"embeddable":true,"href":"https:\/\/thepassage.es\/de\/wp-json\/wp\/v2\/users\/2"}],"replies":[{"embeddable":true,"href":"https:\/\/thepassage.es\/de\/wp-json\/wp\/v2\/comments?post=8000"}],"version-history":[{"count":0,"href":"https:\/\/thepassage.es\/de\/wp-json\/wp\/v2\/pages\/8000\/revisions"}],"wp:attachment":[{"href":"https:\/\/thepassage.es\/de\/wp-json\/wp\/v2\/media?parent=8000"}],"curies":[{"name":"wp","href":"https:\/\/api.w.org\/{rel}","templated":true}]}}