{"id":4629,"date":"2023-02-08T16:54:23","date_gmt":"2023-02-08T16:54:23","guid":{"rendered":"https:\/\/thepassage.es\/aviso-legal\/"},"modified":"2025-02-20T13:25:31","modified_gmt":"2025-02-20T13:25:31","slug":"legal-notice","status":"publish","type":"page","link":"https:\/\/thepassage.es\/en\/legal-notice\/","title":{"rendered":"Legal notice"},"content":{"rendered":"\t\t<div data-elementor-type=\"wp-page\" data-elementor-id=\"4629\" class=\"elementor elementor-4629 elementor-566\" data-elementor-post-type=\"page\">\n\t\t\t\t\t\t\t\t\t<section class=\"elementor-section elementor-top-section elementor-element elementor-element-137e4b4 elementor-section-full_width cabecera elementor-section-content-bottom elementor-section-stretched elementor-section-height-default elementor-section-height-default\" data-id=\"137e4b4\" data-element_type=\"section\" data-settings=\"{&quot;background_background&quot;:&quot;classic&quot;,&quot;stretch_section&quot;:&quot;section-stretched&quot;}\">\n\t\t\t\t\t\t\t<div class=\"elementor-background-overlay\"><\/div>\n\t\t\t\t\t\t\t<div class=\"elementor-container elementor-column-gap-default\">\n\t\t\t\t\t<div class=\"elementor-column elementor-col-100 elementor-top-column elementor-element elementor-element-d3993be\" data-id=\"d3993be\" data-element_type=\"column\">\n\t\t\t<div class=\"elementor-widget-wrap elementor-element-populated\">\n\t\t\t\t\t\t\t\t<div class=\"elementor-element elementor-element-459cd30 elementor-widget elementor-widget-heading\" data-id=\"459cd30\" data-element_type=\"widget\" data-widget_type=\"heading.default\">\n\t\t\t\t<div class=\"elementor-widget-container\">\n\t\t\t<style>\/*! elementor - v3.17.0 - 08-11-2023 *\/\n.elementor-heading-title{padding:0;margin:0;line-height:1}.elementor-widget-heading .elementor-heading-title[class*=elementor-size-]>a{color:inherit;font-size:inherit;line-height:inherit}.elementor-widget-heading .elementor-heading-title.elementor-size-small{font-size:15px}.elementor-widget-heading .elementor-heading-title.elementor-size-medium{font-size:19px}.elementor-widget-heading .elementor-heading-title.elementor-size-large{font-size:29px}.elementor-widget-heading .elementor-heading-title.elementor-size-xl{font-size:39px}.elementor-widget-heading .elementor-heading-title.elementor-size-xxl{font-size:59px}<\/style><h1 class=\"elementor-heading-title elementor-size-default\">Legal notice<\/h1>\t\t<\/div>\n\t\t\t\t<\/div>\n\t\t\t\t\t<\/div>\n\t\t<\/div>\n\t\t\t\t\t\t\t<\/div>\n\t\t<\/section>\n\t\t\t\t<section class=\"elementor-section elementor-top-section elementor-element elementor-element-8e06cb9 elementor-section-stretched elementor-section-full_width elementor-section-height-default elementor-section-height-default\" data-id=\"8e06cb9\" data-element_type=\"section\" data-settings=\"{&quot;stretch_section&quot;:&quot;section-stretched&quot;}\">\n\t\t\t\t\t\t<div class=\"elementor-container elementor-column-gap-default\">\n\t\t\t\t\t<div class=\"elementor-column elementor-col-100 elementor-top-column elementor-element elementor-element-789a8632\" data-id=\"789a8632\" data-element_type=\"column\">\n\t\t\t<div class=\"elementor-widget-wrap elementor-element-populated\">\n\t\t\t\t\t\t\t\t<section class=\"elementor-section elementor-inner-section elementor-element elementor-element-bc312e3 elementor-section-boxed elementor-section-height-default elementor-section-height-default\" data-id=\"bc312e3\" data-element_type=\"section\">\n\t\t\t\t\t\t<div class=\"elementor-container elementor-column-gap-default\">\n\t\t\t\t\t<div class=\"elementor-column elementor-col-100 elementor-inner-column elementor-element elementor-element-1ea46bf\" data-id=\"1ea46bf\" data-element_type=\"column\">\n\t\t\t<div class=\"elementor-widget-wrap elementor-element-populated\">\n\t\t\t\t\t\t\t\t<div class=\"elementor-element elementor-element-8ba72a7 elementor-widget elementor-widget-heading\" data-id=\"8ba72a7\" data-element_type=\"widget\" data-widget_type=\"heading.default\">\n\t\t\t\t<div class=\"elementor-widget-container\">\n\t\t\t<h2 class=\"elementor-heading-title elementor-size-default\">Legal notice<\/h2>\t\t<\/div>\n\t\t\t\t<\/div>\n\t\t\t\t<div class=\"elementor-element elementor-element-42b437ab elementor-widget elementor-widget-text-editor\" data-id=\"42b437ab\" data-element_type=\"widget\" data-widget_type=\"text-editor.default\">\n\t\t\t\t<div class=\"elementor-widget-container\">\n\t\t\t<style>\/*! elementor - v3.17.0 - 08-11-2023 *\/\n.elementor-widget-text-editor.elementor-drop-cap-view-stacked .elementor-drop-cap{background-color:#69727d;color:#fff}.elementor-widget-text-editor.elementor-drop-cap-view-framed .elementor-drop-cap{color:#69727d;border:3px solid;background-color:transparent}.elementor-widget-text-editor:not(.elementor-drop-cap-view-default) .elementor-drop-cap{margin-top:8px}.elementor-widget-text-editor:not(.elementor-drop-cap-view-default) .elementor-drop-cap-letter{width:1em;height:1em}.elementor-widget-text-editor .elementor-drop-cap{float:left;text-align:center;line-height:1;font-size:50px}.elementor-widget-text-editor .elementor-drop-cap-letter{display:inline-block}<\/style>\t\t\t\t<p>The use of the website of THE PASSAGE\u00ae is subject to the regulations that we outline below. Please read them carefully.<\/p><p>Owner of this website<\/p><p>The owner of this website is LORD REAL ESTATE BV Sucursal en Espa\u00f1a (henceforth, LORD\u00ae), a Spanish commercial company with address in Madrid, Padre Xifr\u00e9 no. 5 \u2013 Mezzanine, registered in the Trade Registry of Madrid, in Volume 35.162, Section 8, Folio 19, sheet no. M-632281, and Company Tax No. W-0039666-C (henceforth, LORD).<\/p><p>The activity carried out at the establishment \u201cThe Passage\u201d has been registered in the Registry of Companies and Tourist Companies of the Basque Country (REATE) with the following identification in the registry: TSS00125.<\/p><p>Contact details<\/p><p>Tel. 697414552<\/p><p>Email address\u00a0<a href=\"mailto:recepcion@thepassage.es\">recepcion@thepassage.es<\/a>\u00a0<\/p><p>You can contact us via any of the means indicated.<\/p><p>Terms of use for this website\u00a0<\/p><p>Access to our website is free and voluntary and confers the status of User on you.\u00a0<\/p><p>As such, you must respect the conditions that we outline below.\u00a0<\/p><p>The mere fact of accessing and browsing on our website implies that you have read, understood, are aware of and accept, without reservations, all the Terms of Use.<\/p><p>Responsible browsing<\/p><p>As a user, you undertake to appropriately use the information and other content, products and services that we offer via our website. Your behaviour must comply and be subject to the law, public morals and the requirements of good faith, you must act with due diligence at all times.<\/p><p>In the event of illegal use or use that is not authorised by LORD\u00ae, or simply negligent or irresponsible use of information, content, services and products that we offer, you will be solely responsible for the damage caused to yourself and third parties as a result of it. If you are under the age of eighteen, your parents or guardians will also be held responsible.<\/p><p>Industrial and intellectual property<\/p><p>The Passage\u00ae and LORD\u00ae among other distinctive signs, are trademarks and trade names registered by LORD\u00ae and they are protected by industrial property regulations. All other distinctive signs that appear on the website, unless otherwise indicated, are also registered by LORD\u00ae or by its respective owners who do not grant any kind of licence to users of the website. It is forbidden to use any distinctive sign of LORD\u00ae not implicit in the use of this website or in the philosophy 2.0.\u00a0<\/p><p>The texts, drawings, photographs, videos and other graphic, sound and audiovisual content on this website (henceforth, the context) are, unless indicated otherwise, owned by LORD\u00ae. LORD\u00ae licenses the rights to reproduction, distribution and public communication for all the content of this website to all users for \u201c2.0 use\u201d provided that they cite and provide a link with the URL of the origin of the content. LORD\u00ae does not assign any other right of reproduction, distribution, public dissemination or transformation of the website, its website or any of its content to users. Any use of the website or its content that is not in accordance with its purpose is forbidden. It is forbidden to reproduce, distribute, publicly disseminate and transform any programming elements used in this website without the corresponding licence. In this regard, the use of this website does not imply the assignment of any of the aforementioned rights. Any violation of the industrial or intellectual property rights owned by LORD\u00ae, its shareholders, partners or collaborators will be pursued with all the legal means available at the time in the competent jurisdiction in each case.\u00a0<\/p><p>Content, permitted use and responsibilities\u00a0<\/p><p>This website contains material created for information purposes only, it does not constitute guidance, training or any kind of advice, therefore LORD\u00ae is not responsible for actions carried out based on this material. Although LORD\u00ae will carry out all necessary actions to rectify mistakes and errors in the content and materials of this website in order to keep it up-to-date and accurate at all times; it cannot guarantee the absence of mistakes, errors or omissions in the content and materials of the website; therefore, their existence will not affect LORD\u00ae at any time. If, while browsing on the LORD\u00ae website, you detect an error or mistake, we kindly request that you inform us via an email sent to\u00a0<a href=\"mailto:recepcion@thepassage.es\">recepcion@thepassage.es<\/a><\/p><p>Despite the fact that LORD\u00ae will carry out all the actions needed to re-establish communication when there are errors in access to the website and in order to keep the website available and operating continuously; LORD\u00ae cannot guarantee either access to the website or its availability or the continuity of its operating, therefore LORD\u00ae will not be held liable for its unavailability at any time.<\/p><p>LORD\u00ae is not responsible for damage that may be caused to the computer equipment of users, their computer programmes, their files or the data stored on them as a consequence of viruses, spyware, malware, programming errors or security errors of this website. Likewise, LORD\u00ae is not responsible for this damage when it is due to errors with settings or not updating the computers, programmes or browsers of users or usage errors with any of the above.<\/p><p>Access to the website that does not comply with current legislation or our terms, and unauthorised use of the information, content and materials provided to the users by LORD\u00ae will be the sole responsibility of the users who carry it out and LORD\u00ae will not take responsibility or be held liable for any damages resulting from this access or use.<\/p><p>LORD\u00ae does not take responsibility, within the limits allowed by Law 34\/2002 for:<\/p><ol><li><p>The legality of the content of the websites owned by third parties that this website links to, including embedded content.<\/p><\/li><li><p>The content of the websites that direct links to this website or refer to it or that include opinions about it that may mislead the users of those websites regarding the services of LORD\u00ae.<\/p><\/li><li><p>Opinions expressed on sites, blogs, social networks or any opinion forums outside the control of the organisation that -referring to the content, materials and services of its website or of third party sites- may discredit or cause direct or indirect disparagement of third parties.\u00a0<\/p><\/li><\/ol><p>Personal data protection<\/p><p>All the personal data that LORD\u00ae collects through this website is stored in databases. The specific data that is collected, the recipients of it, the processing that it is subject to, the processing periods and the purposes for which it is processed is specified in each of the data collection forms.\u00a0<\/p><p>Except in cases provided for in current legislation and in those agreed by its holders, LORD\u00ae does not assign personal data to third parties.<\/p><p>We kindly request that you carefully read our data protection policy, by clicking on the following Privacy Policy and Cookies Policy.<\/p><p>Validity and modification of the Terms of Use of the website<\/p><p>These conditions are valid from 1 July 2022. LORD\u00ae reserves the right to unilaterally modify the terms of use of its own website in the event that there is a change in current legislation, case law or internal criteria. Any change made to these conditions will be published on this same URL.<\/p><p>Legal contact<\/p><p>To resolve any queries regarding the content or scope of the terms of use of our website, contact our legal department by sending an email to info@passage.com<\/p><p>Related content<\/p><p>Privacy policy.<\/p><p>Cookies policy.<\/p><p>General Contracting Conditions.<\/p>\t\t\t\t\t\t<\/div>\n\t\t\t\t<\/div>\n\t\t\t\t\t<\/div>\n\t\t<\/div>\n\t\t\t\t\t\t\t<\/div>\n\t\t<\/section>\n\t\t\t\t\t<\/div>\n\t\t<\/div>\n\t\t\t\t\t\t\t<\/div>\n\t\t<\/section>\n\t\t\t\t\t\t\t<\/div>\n\t\t","protected":false},"excerpt":{"rendered":"<p>Legal notice Legal notice The use of the website of THE PASSAGE\u00ae is subject to the regulations that we outline below. Please read them carefully. Owner of this website The owner of this website is LORD REAL ESTATE BV Sucursal en Espa\u00f1a (henceforth, LORD\u00ae), a Spanish commercial company with address in Madrid, Padre Xifr\u00e9 no. &hellip;<\/p>\n<p class=\"read-more\"> <a class=\"\" href=\"https:\/\/thepassage.es\/en\/legal-notice\/\"> <span class=\"screen-reader-text\">Legal notice<\/span> Read More &raquo;<\/a><\/p>\n","protected":false},"author":1,"featured_media":0,"parent":0,"menu_order":0,"comment_status":"closed","ping_status":"closed","template":"elementor_header_footer","meta":{"site-sidebar-layout":"default","site-content-layout":"","ast-site-content-layout":"","site-content-style":"default","site-sidebar-style":"default","ast-global-header-display":"","ast-banner-title-visibility":"","ast-main-header-display":"","ast-hfb-above-header-display":"","ast-hfb-below-header-display":"","ast-hfb-mobile-header-display":"","site-post-title":"","ast-breadcrumbs-content":"","ast-featured-img":"","footer-sml-layout":"","theme-transparent-header-meta":"","adv-header-id-meta":"","stick-header-meta":"","header-above-stick-meta":"","header-main-stick-meta":"","header-below-stick-meta":"","astra-migrate-meta-layouts":"set","ast-page-background-enabled":"default","ast-page-background-meta":{"desktop":{"background-color":"var(--ast-global-color-4)","background-image":"","background-repeat":"repeat","background-position":"center center","background-size":"auto","background-attachment":"scroll","background-type":"","background-media":"","overlay-type":"","overlay-color":"","overlay-gradient":""},"tablet":{"background-color":"","background-image":"","background-repeat":"repeat","background-position":"center center","background-size":"auto","background-attachment":"scroll","background-type":"","background-media":"","overlay-type":"","overlay-color":"","overlay-gradient":""},"mobile":{"background-color":"","background-image":"","background-repeat":"repeat","background-position":"center center","background-size":"auto","background-attachment":"scroll","background-type":"","background-media":"","overlay-type":"","overlay-color":"","overlay-gradient":""}},"ast-content-background-meta":{"desktop":{"background-color":"var(--ast-global-color-5)","background-image":"","background-repeat":"repeat","background-position":"center center","background-size":"auto","background-attachment":"scroll","background-type":"","background-media":"","overlay-type":"","overlay-color":"","overlay-gradient":""},"tablet":{"background-color":"var(--ast-global-color-5)","background-image":"","background-repeat":"repeat","background-position":"center center","background-size":"auto","background-attachment":"scroll","background-type":"","background-media":"","overlay-type":"","overlay-color":"","overlay-gradient":""},"mobile":{"background-color":"var(--ast-global-color-5)","background-image":"","background-repeat":"repeat","background-position":"center center","background-size":"auto","background-attachment":"scroll","background-type":"","background-media":"","overlay-type":"","overlay-color":"","overlay-gradient":""}},"footnotes":""},"class_list":["post-4629","page","type-page","status-publish","hentry"],"yoast_head":"<!-- This site is optimized with the Yoast SEO plugin v21.5 - https:\/\/yoast.com\/wordpress\/plugins\/seo\/ -->\n<title>Apartamentos en el centro de San Sebasti\u00e1n | The Passage<\/title>\n<meta name=\"description\" content=\"Al\u00f3jese en un edificio hist\u00f3rico en el coraz\u00f3n de San Sebasti\u00e1n. The Passage ofrece apartamentos de lujo que mezclan dise\u00f1o y confort. \u00a1Reserve ya!\" \/>\n<meta name=\"robots\" content=\"noindex, nofollow\" \/>\n<meta property=\"og:locale\" content=\"en_US\" \/>\n<meta property=\"og:type\" content=\"article\" \/>\n<meta property=\"og:title\" content=\"Apartamentos en el centro de San Sebasti\u00e1n | The Passage\" \/>\n<meta property=\"og:description\" content=\"Al\u00f3jese en un edificio hist\u00f3rico en el coraz\u00f3n de San Sebasti\u00e1n. The Passage ofrece apartamentos de lujo que mezclan dise\u00f1o y confort. \u00a1Reserve ya!\" \/>\n<meta property=\"og:url\" content=\"https:\/\/thepassage.es\/en\/legal-notice\/\" \/>\n<meta property=\"og:site_name\" content=\"The Passage San Sebasti\u00e1n\" \/>\n<meta property=\"article:modified_time\" content=\"2025-02-20T13:25:31+00:00\" \/>\n<meta name=\"twitter:card\" content=\"summary_large_image\" \/>\n<meta name=\"twitter:label1\" content=\"Est. reading time\" \/>\n\t<meta name=\"twitter:data1\" content=\"6 minutes\" \/>\n<script type=\"application\/ld+json\" class=\"yoast-schema-graph\">{\"@context\":\"https:\/\/schema.org\",\"@graph\":[{\"@type\":\"WebPage\",\"@id\":\"https:\/\/thepassage.es\/en\/legal-notice\/\",\"url\":\"https:\/\/thepassage.es\/en\/legal-notice\/\",\"name\":\"Apartamentos en el centro de San Sebasti\u00e1n | The Passage\",\"isPartOf\":{\"@id\":\"https:\/\/thepassage.es\/en\/#website\"},\"datePublished\":\"2023-02-08T16:54:23+00:00\",\"dateModified\":\"2025-02-20T13:25:31+00:00\",\"description\":\"Al\u00f3jese en un edificio hist\u00f3rico en el coraz\u00f3n de San Sebasti\u00e1n. The Passage ofrece apartamentos de lujo que mezclan dise\u00f1o y confort. \u00a1Reserve ya!\",\"breadcrumb\":{\"@id\":\"https:\/\/thepassage.es\/en\/legal-notice\/#breadcrumb\"},\"inLanguage\":\"en-US\",\"potentialAction\":[{\"@type\":\"ReadAction\",\"target\":[\"https:\/\/thepassage.es\/en\/legal-notice\/\"]}]},{\"@type\":\"BreadcrumbList\",\"@id\":\"https:\/\/thepassage.es\/en\/legal-notice\/#breadcrumb\",\"itemListElement\":[{\"@type\":\"ListItem\",\"position\":1,\"name\":\"Portada\",\"item\":\"https:\/\/thepassage.es\/en\/\"},{\"@type\":\"ListItem\",\"position\":2,\"name\":\"Legal notice\"}]},{\"@type\":\"WebSite\",\"@id\":\"https:\/\/thepassage.es\/en\/#website\",\"url\":\"https:\/\/thepassage.es\/en\/\",\"name\":\"The Passage San Sebasti\u00e1n\",\"description\":\"Al\u00f3jese en un edificio hist\u00f3rico en el coraz\u00f3n de San Sebasti\u00e1n. The Passage ofrece apartamentos de lujo que mezclan dise\u00f1o y confort. \u00a1Reserve ya!\",\"publisher\":{\"@id\":\"https:\/\/thepassage.es\/en\/#organization\"},\"potentialAction\":[{\"@type\":\"SearchAction\",\"target\":{\"@type\":\"EntryPoint\",\"urlTemplate\":\"https:\/\/thepassage.es\/en\/?s={search_term_string}\"},\"query-input\":\"required name=search_term_string\"}],\"inLanguage\":\"en-US\"},{\"@type\":\"Organization\",\"@id\":\"https:\/\/thepassage.es\/en\/#organization\",\"name\":\"The Passage\",\"url\":\"https:\/\/thepassage.es\/en\/\",\"logo\":{\"@type\":\"ImageObject\",\"inLanguage\":\"en-US\",\"@id\":\"https:\/\/thepassage.es\/en\/#\/schema\/logo\/image\/\",\"url\":\"https:\/\/thepassage.es\/wp-content\/uploads\/2023\/02\/logo-the_passage.png\",\"contentUrl\":\"https:\/\/thepassage.es\/wp-content\/uploads\/2023\/02\/logo-the_passage.png\",\"width\":1134,\"height\":1134,\"caption\":\"The Passage\"},\"image\":{\"@id\":\"https:\/\/thepassage.es\/en\/#\/schema\/logo\/image\/\"}}]}<\/script>\n<!-- \/ Yoast SEO plugin. -->","yoast_head_json":{"title":"Apartamentos en el centro de San Sebasti\u00e1n | The Passage","description":"Al\u00f3jese en un edificio hist\u00f3rico en el coraz\u00f3n de San Sebasti\u00e1n. The Passage ofrece apartamentos de lujo que mezclan dise\u00f1o y confort. \u00a1Reserve ya!","robots":{"index":"noindex","follow":"nofollow"},"og_locale":"en_US","og_type":"article","og_title":"Apartamentos en el centro de San Sebasti\u00e1n | The Passage","og_description":"Al\u00f3jese en un edificio hist\u00f3rico en el coraz\u00f3n de San Sebasti\u00e1n. The Passage ofrece apartamentos de lujo que mezclan dise\u00f1o y confort. \u00a1Reserve ya!","og_url":"https:\/\/thepassage.es\/en\/legal-notice\/","og_site_name":"The Passage San Sebasti\u00e1n","article_modified_time":"2025-02-20T13:25:31+00:00","twitter_card":"summary_large_image","twitter_misc":{"Est. reading time":"6 minutes"},"schema":{"@context":"https:\/\/schema.org","@graph":[{"@type":"WebPage","@id":"https:\/\/thepassage.es\/en\/legal-notice\/","url":"https:\/\/thepassage.es\/en\/legal-notice\/","name":"Apartamentos en el centro de San Sebasti\u00e1n | The Passage","isPartOf":{"@id":"https:\/\/thepassage.es\/en\/#website"},"datePublished":"2023-02-08T16:54:23+00:00","dateModified":"2025-02-20T13:25:31+00:00","description":"Al\u00f3jese en un edificio hist\u00f3rico en el coraz\u00f3n de San Sebasti\u00e1n. The Passage ofrece apartamentos de lujo que mezclan dise\u00f1o y confort. \u00a1Reserve ya!","breadcrumb":{"@id":"https:\/\/thepassage.es\/en\/legal-notice\/#breadcrumb"},"inLanguage":"en-US","potentialAction":[{"@type":"ReadAction","target":["https:\/\/thepassage.es\/en\/legal-notice\/"]}]},{"@type":"BreadcrumbList","@id":"https:\/\/thepassage.es\/en\/legal-notice\/#breadcrumb","itemListElement":[{"@type":"ListItem","position":1,"name":"Portada","item":"https:\/\/thepassage.es\/en\/"},{"@type":"ListItem","position":2,"name":"Legal notice"}]},{"@type":"WebSite","@id":"https:\/\/thepassage.es\/en\/#website","url":"https:\/\/thepassage.es\/en\/","name":"The Passage San Sebasti\u00e1n","description":"Al\u00f3jese en un edificio hist\u00f3rico en el coraz\u00f3n de San Sebasti\u00e1n. The Passage ofrece apartamentos de lujo que mezclan dise\u00f1o y confort. \u00a1Reserve ya!","publisher":{"@id":"https:\/\/thepassage.es\/en\/#organization"},"potentialAction":[{"@type":"SearchAction","target":{"@type":"EntryPoint","urlTemplate":"https:\/\/thepassage.es\/en\/?s={search_term_string}"},"query-input":"required name=search_term_string"}],"inLanguage":"en-US"},{"@type":"Organization","@id":"https:\/\/thepassage.es\/en\/#organization","name":"The Passage","url":"https:\/\/thepassage.es\/en\/","logo":{"@type":"ImageObject","inLanguage":"en-US","@id":"https:\/\/thepassage.es\/en\/#\/schema\/logo\/image\/","url":"https:\/\/thepassage.es\/wp-content\/uploads\/2023\/02\/logo-the_passage.png","contentUrl":"https:\/\/thepassage.es\/wp-content\/uploads\/2023\/02\/logo-the_passage.png","width":1134,"height":1134,"caption":"The Passage"},"image":{"@id":"https:\/\/thepassage.es\/en\/#\/schema\/logo\/image\/"}}]}},"_links":{"self":[{"href":"https:\/\/thepassage.es\/en\/wp-json\/wp\/v2\/pages\/4629","targetHints":{"allow":["GET"]}}],"collection":[{"href":"https:\/\/thepassage.es\/en\/wp-json\/wp\/v2\/pages"}],"about":[{"href":"https:\/\/thepassage.es\/en\/wp-json\/wp\/v2\/types\/page"}],"author":[{"embeddable":true,"href":"https:\/\/thepassage.es\/en\/wp-json\/wp\/v2\/users\/1"}],"replies":[{"embeddable":true,"href":"https:\/\/thepassage.es\/en\/wp-json\/wp\/v2\/comments?post=4629"}],"version-history":[{"count":9,"href":"https:\/\/thepassage.es\/en\/wp-json\/wp\/v2\/pages\/4629\/revisions"}],"predecessor-version":[{"id":6991,"href":"https:\/\/thepassage.es\/en\/wp-json\/wp\/v2\/pages\/4629\/revisions\/6991"}],"wp:attachment":[{"href":"https:\/\/thepassage.es\/en\/wp-json\/wp\/v2\/media?parent=4629"}],"curies":[{"name":"wp","href":"https:\/\/api.w.org\/{rel}","templated":true}]}}